{"id":202,"date":"2023-02-10T15:16:59","date_gmt":"2023-02-10T13:16:59","guid":{"rendered":"http:\/\/www.hilven.fi\/?page_id=202"},"modified":"2023-02-10T18:20:02","modified_gmt":"2023-02-10T16:20:02","slug":"pulpettivene-suvi-4250-25hp","status":"publish","type":"page","link":"http:\/\/www.hilven.fi\/?page_id=202","title":{"rendered":"Pulpettivene Suvi 4250, 25hp"},"content":{"rendered":"\n<p><strong>Vuokrataan l\u00e4hes uusi Suvi 4250 pulpettivene 25 hp nelitahti Yamahalla, trailerilla ja karttaplotterilla varustettuna.<\/strong><\/p>\n\n\n\n<p><\/p>\n\n\n\n<figure class=\"is-layout-flex wp-block-gallery-1 wp-block-gallery has-nested-images columns-default is-cropped\">\n<figure class=\"wp-block-image size-large\"><img decoding=\"async\" loading=\"lazy\" width=\"768\" height=\"1024\" data-id=\"204\"  src=\"http:\/\/www.hilven.fi\/wp-content\/uploads\/2023\/02\/IMG-20230210-WA0000-768x1024.jpg\" alt=\"\" class=\"wp-image-204\" srcset=\"http:\/\/www.hilven.fi\/wp-content\/uploads\/2023\/02\/IMG-20230210-WA0000-768x1024.jpg 768w, http:\/\/www.hilven.fi\/wp-content\/uploads\/2023\/02\/IMG-20230210-WA0000-225x300.jpg 225w, http:\/\/www.hilven.fi\/wp-content\/uploads\/2023\/02\/IMG-20230210-WA0000-1152x1536.jpg 1152w, http:\/\/www.hilven.fi\/wp-content\/uploads\/2023\/02\/IMG-20230210-WA0000.jpg 1200w\" sizes=\"(max-width: 768px) 100vw, 768px\" \/><\/figure>\n\n\n\n<figure class=\"wp-block-image size-large\"><img decoding=\"async\" loading=\"lazy\" width=\"1024\" height=\"768\" data-id=\"203\"  src=\"http:\/\/www.hilven.fi\/wp-content\/uploads\/2023\/02\/IMG-20230210-WA0001-1024x768.jpg\" alt=\"\" class=\"wp-image-203\" srcset=\"http:\/\/www.hilven.fi\/wp-content\/uploads\/2023\/02\/IMG-20230210-WA0001-1024x768.jpg 1024w, http:\/\/www.hilven.fi\/wp-content\/uploads\/2023\/02\/IMG-20230210-WA0001-300x225.jpg 300w, http:\/\/www.hilven.fi\/wp-content\/uploads\/2023\/02\/IMG-20230210-WA0001-768x576.jpg 768w, http:\/\/www.hilven.fi\/wp-content\/uploads\/2023\/02\/IMG-20230210-WA0001-1536x1152.jpg 1536w, http:\/\/www.hilven.fi\/wp-content\/uploads\/2023\/02\/IMG-20230210-WA0001.jpg 1600w\" sizes=\"(max-width: 1024px) 100vw, 1024px\" \/><\/figure>\n\n\n\n<figure class=\"wp-block-image size-large\"><img decoding=\"async\" loading=\"lazy\" width=\"1024\" height=\"1024\" data-id=\"205\"  src=\"http:\/\/www.hilven.fi\/wp-content\/uploads\/2023\/02\/IMG-20230210-WA0002-1024x1024.jpg\" alt=\"\" class=\"wp-image-205\" srcset=\"http:\/\/www.hilven.fi\/wp-content\/uploads\/2023\/02\/IMG-20230210-WA0002-1024x1024.jpg 1024w, http:\/\/www.hilven.fi\/wp-content\/uploads\/2023\/02\/IMG-20230210-WA0002-300x300.jpg 300w, http:\/\/www.hilven.fi\/wp-content\/uploads\/2023\/02\/IMG-20230210-WA0002-150x150.jpg 150w, http:\/\/www.hilven.fi\/wp-content\/uploads\/2023\/02\/IMG-20230210-WA0002-768x768.jpg 768w, http:\/\/www.hilven.fi\/wp-content\/uploads\/2023\/02\/IMG-20230210-WA0002.jpg 1512w\" sizes=\"(max-width: 1024px) 100vw, 1024px\" \/><\/figure>\n<\/figure>\n\n\n\n<p>Erinomainen, l\u00e4hes uusi Suvi 4250 pulpettivene 25 hp nelitahti Yamahalla. Veneess\u00e4 uusi karttaplotteri-kaiku yhdistelm\u00e4laite. Mukavia kes\u00e4veneilyit\u00e4 ja tai kalastusretki\u00e4. Vene trailerilla joka kuuluu mukaan vuokrahintaan. Nouto Mallusjoelta tai J\u00e4rvenp\u00e4\u00e4st\u00e4, sopimuksen mukaan<\/p>\n\n\n\n<p>Henkil\u00f6m\u00e4\u00e4r\u00e4: 5<\/p>\n\n\n\n<p><strong>Sijainti ja toimitus<\/strong><br>kyr\u00f6nkulma, 16450 MALLUSJOKI, Suomi &#8211; mallusjoki<br>Nouto Mallusjoelta tai J\u00e4rvenp\u00e4\u00e4st\u00e4 sovittavissa<\/p>\n\n\n\n<p>Matti Hiltunen 044 542 7993<br>vuokraus@hilven.fi<\/p>\n","protected":false},"excerpt":{"rendered":"<p>Vuokrataan l\u00e4hes uusi Suvi 4250 pulpettivene 25 hp nelitahti Yamahalla, trailerilla ja karttaplotterilla varustettuna. Erinomainen, l\u00e4hes uusi Suvi 4250 pulpettivene 25 hp nelitahti Yamahalla. Veneess\u00e4 uusi karttaplotteri-kaiku yhdistelm\u00e4laite. Mukavia kes\u00e4veneilyit\u00e4 ja tai kalastusretki\u00e4. Vene trailerilla joka kuuluu mukaan vuokrahintaan. Nouto Mallusjoelta tai J\u00e4rvenp\u00e4\u00e4st\u00e4, sopimuksen mukaan Henkil\u00f6m\u00e4\u00e4r\u00e4: 5 Sijainti ja toimituskyr\u00f6nkulma, 16450 MALLUSJOKI, Suomi &#8211; mallusjokiNouto<\/p><\/div>\n<div class=\"blog-btn\"><a href=\"http:\/\/www.hilven.fi\/?page_id=202\" class=\"home-blog-btn\">Lue lis\u00e4\u00e4<\/a><\/p>\n","protected":false},"author":1,"featured_media":0,"parent":0,"menu_order":0,"comment_status":"closed","ping_status":"closed","template":"","meta":[],"_links":{"self":[{"href":"http:\/\/www.hilven.fi\/index.php?rest_route=\/wp\/v2\/pages\/202"}],"collection":[{"href":"http:\/\/www.hilven.fi\/index.php?rest_route=\/wp\/v2\/pages"}],"about":[{"href":"http:\/\/www.hilven.fi\/index.php?rest_route=\/wp\/v2\/types\/page"}],"author":[{"embeddable":true,"href":"http:\/\/www.hilven.fi\/index.php?rest_route=\/wp\/v2\/users\/1"}],"replies":[{"embeddable":true,"href":"http:\/\/www.hilven.fi\/index.php?rest_route=%2Fwp%2Fv2%2Fcomments&post=202"}],"version-history":[{"count":4,"href":"http:\/\/www.hilven.fi\/index.php?rest_route=\/wp\/v2\/pages\/202\/revisions"}],"predecessor-version":[{"id":252,"href":"http:\/\/www.hilven.fi\/index.php?rest_route=\/wp\/v2\/pages\/202\/revisions\/252"}],"wp:attachment":[{"href":"http:\/\/www.hilven.fi\/index.php?rest_route=%2Fwp%2Fv2%2Fmedia&parent=202"}],"curies":[{"name":"wp","href":"https:\/\/api.w.org\/{rel}","templated":true}]}}