{"id":18,"date":"2022-10-26T13:33:53","date_gmt":"2022-10-26T13:33:53","guid":{"rendered":"http:\/\/www.hilven.fi\/?page_id=18"},"modified":"2023-03-17T16:02:03","modified_gmt":"2023-03-17T14:02:03","slug":"kotipalvelut","status":"publish","type":"page","link":"https:\/\/www.hilven.fi\/?page_id=18","title":{"rendered":"Kotipalvelut"},"content":{"rendered":"\n<p>Tervetuloa HilVen Kotipalveluiden sivulle.<br><br>HilVen Kotipalvelut on pieni perheyritys, joka haluaa vastata t\u00e4ydell\u00e4 syd\u00e4mell\u00e4 asiakkaan erilaisiin tarpeisiin. Se on perustettu vastaamaan etenkin ik\u00e4\u00e4ntyneiden kasvaneeseen palvelutarpeeseen tukipalvelun keinoin. Toiminta-ajatuksenamme on tuottaa oikea-aikaista tukea ja apua laadukkaasti, helposti ja nopeasti. Tuotamme asiakkaillemme kodinhoito-, ruoanlaitto-, siivous-, peseytymis-, ulkoilu- ja asiointipalveluita sek\u00e4 sosiaalista kanssak\u00e4ymist\u00e4 edist\u00e4v\u00e4\u00e4 palvelua. My\u00f6s pienimuotoiset pihaty\u00f6t onnistuvat kauttamme.<\/p>\n\n\n\n<p>Minimik\u00e4ynti 0,5h koskien kotihoitoa sek\u00e4 asiointi- ja kauppapalvelua.<\/p>\n\n\n\n<p>Kotipalveluiden vastuuhenkil\u00f6n\u00e4 toimii Susanna, jolla on reilut 15 vuotta ty\u00f6kokemusta ja osaamista vanhustenhoitoalalta l\u00e4hi- ja sairaanhoitajana. H\u00e4nell\u00e4 on runsaasti kokemusta hoivaty\u00f6st\u00e4 etenkin ik\u00e4\u00e4ntyneiden ja erityisesti muistisairaiden ja heid\u00e4n omaisten kanssa toimimisesta.<\/p>\n\n\n\n<p>Ota rohkeasti yhteytt\u00e4, niin suunnitellaan yhdess\u00e4, kuinka voimme auttaa.<br><br><\/p>\n\n\n\n<div class=\"is-layout-flex wp-container-3 wp-block-columns has-background\" style=\"background-color:#abb7c226\">\n<div class=\"is-layout-flow wp-block-column\" style=\"flex-basis:66.66%\">\n<p><strong>Asiointipalvelut<\/strong><br>Tarjoamme luotettavaa asioin\u00adtiapua esimerkiksi apteekki- ja virastoasioinnissa (my\u00f6s asiakkaan kanssa yhdess\u00e4). Voimme tarvittaessa l\u00e4hte\u00e4 saattajaksi mm. kampaajalle, harrastustoimintaan tai terveysasemak\u00e4ynnille.<br><br>Ota rohkeasti yhteytt\u00e4, niin tehd\u00e4\u00e4n yhdess\u00e4 suunnitelma, kuinka voimme olla avuksi juuri Sinulle.<br>Teemme my\u00f6s ilta- ja viikonloppuk\u00e4yntej\u00e4 erikseen sovittaessa.<\/p>\n<\/div>\n\n\n\n<div class=\"is-layout-flow wp-block-column\" style=\"flex-basis:33.33%\">\n<p><strong>Hinnat:<\/strong><br>ma-pe klo 7-18<br>34,00 \u20ac\/h (alv. 0%)<br>42,16 \u20ac\/h (alv. 24%)<br>Ilta- ja viikonloppuhinnat erillisen hinnaston mukaan. <\/p>\n\n\n\n<p><strong>Matkakulut:<\/strong><br>alle 15km veloituksetta, ylimenev\u00e4 0,60\u20ac\/km<\/p>\n<\/div>\n<\/div>\n\n\n\n<div class=\"is-layout-flex wp-container-6 wp-block-columns has-background\" style=\"background-color:#abb7c226\">\n<div class=\"is-layout-flow wp-block-column\" style=\"flex-basis:66.66%\">\n<p><strong>Kauppapalvelu<\/strong><\/p>\n\n\n\n<p>Tarjoamme luotettavaa kauppa-asiointiapua (my\u00f6s asiakkaan kanssa yhdess\u00e4). <\/p>\n\n\n\n<p>Teemme my\u00f6s ilta- ja viikonloppuk\u00e4yntej\u00e4 erikseen sovittaessa.<br><br><\/p>\n<\/div>\n\n\n\n<div class=\"is-layout-flow wp-block-column\" style=\"flex-basis:33.33%\">\n<p><strong>Hinnat:<\/strong><br>ma-pe klo 7-18<br>34,00 \u20ac\/h (alv. 0%)<br>42,16\u20ac\/h (alv.24%)<br>Ilta- ja viikonloppuhinnat erillisen hinnaston mukaan. <\/p>\n\n\n\n<p><strong>Matkakulut:<\/strong><br>alle 15km veloituksetta, ylimenev\u00e4 0,60\u20ac\/km<\/p>\n<\/div>\n<\/div>\n\n\n\n<div class=\"is-layout-flex wp-container-9 wp-block-columns has-background\" style=\"background-color:#abb7c226\">\n<div class=\"is-layout-flow wp-block-column\" style=\"flex-basis:66.66%\">\n<p><strong>Kotihoito<\/strong><\/p>\n\n\n\n<p>Avustamme tarvittaessa ruoanlaitossa, pyykki- ja vaatehuollossa sek\u00e4 peseytymisess\u00e4 ja ulkoilussa. Voimme my\u00f6s olla ihan vain l\u00e4sn\u00e4, lukea vaikka lehte\u00e4\/kirjaa, pelailla tai katsoa valokuvia yhdess\u00e4.<\/p>\n\n\n\n<p><br>Ota rohkeasti yhteytt\u00e4, niin tehd\u00e4\u00e4n yhdess\u00e4 suunnitelma, kuinka voimme olla avuksi juuri Sinulle.<br>Teemme my\u00f6s ilta- ja viikonloppuk\u00e4yntej\u00e4 erikseen sovittaessa.<br><br><\/p>\n<\/div>\n\n\n\n<div class=\"is-layout-flow wp-block-column\" style=\"flex-basis:33.33%\">\n<p><strong>Hinnat:<\/strong><br>ma-pe klo 7-18<br>34,00 \u20ac\/h (alv. 0%)<br>42,16 \u20ac\/h (alv. 24%)<br>Ilta- ja viikonloppuhinnat erillisen hinnaston mukaan. <\/p>\n\n\n\n<p><strong>Matkakulut:<\/strong><br>alle 15km veloituksetta, ylimenev\u00e4 0,60\u20ac\/km<\/p>\n<\/div>\n<\/div>\n\n\n\n<div class=\"is-layout-flex wp-container-12 wp-block-columns has-background\" style=\"background-color:#abb7c226\">\n<div class=\"is-layout-flow wp-block-column\" style=\"flex-basis:66.66%\">\n<p><strong>Pihaty\u00f6t<\/strong><br><br>Meilt\u00e4 saat pienimuotoiset pihaty\u00f6t, esim. lumenluonti, nurmikonleikkuu ja haravoiminen.<\/p>\n\n\n\n<p><br>Teemme my\u00f6s ilta- ja viikonloppuk\u00e4yntej\u00e4 erikseen sovittaessa.<\/p>\n<\/div>\n\n\n\n<div class=\"is-layout-flow wp-block-column\" style=\"flex-basis:33.33%\">\n<p><strong>Hinnat:<\/strong><br>ma-pe 7-18<br>32,00 \u20ac\/h (alv. 0%)<br>39,68 \u20ac\/h (alv.24%)<br>Ilta- ja viikonloppuhinnat erillisen hinnaston mukaan. <\/p>\n\n\n\n<p><strong>Matkakulut:<\/strong><br>alle 15km veloituksetta, ylimenev\u00e4 0,60\u20ac\/km<\/p>\n<\/div>\n<\/div>\n\n\n\n<div class=\"is-layout-flex wp-container-15 wp-block-columns has-background\" style=\"background-color:#abb7c226\">\n<div class=\"is-layout-flow wp-block-column\" style=\"flex-basis:66.66%\">\n<p><strong>Siivouspalvelut<\/strong><br><br>Suunnitellaan yhdess\u00e4 kodin siivoussopimus, joka tehd\u00e4\u00e4n juuri sinun tarpeidesi mukaiseksi. Ikkunoidenpesu my\u00f6s hoituu kauttamme. Siivousv\u00e4lineet ja -aineet sis\u00e4ltyv\u00e4t hintaan.<\/p>\n\n\n\n<p><br>Teemme my\u00f6s ilta- ja viikonloppuk\u00e4yntej\u00e4 erikseen sovittaessa.<br><br><\/p>\n<\/div>\n\n\n\n<div class=\"is-layout-flow wp-block-column\" style=\"flex-basis:33.33%\">\n<p><strong>Hinnat:<\/strong><br>ma-pe klo 7-18<br><strong>siivous:<\/strong><br>36,00 \u20ac\/h (alv. 0%)<br>44,64 \u20ac\/h (alv.24%)<br><strong>ikkunat:<\/strong><br>39,00 \u20ac\/h (alv. 0%)<br>48,36 \u20ac\/h (alv. 24%)<\/p>\n\n\n\n<p>Ilta- ja viikonloppuhinnat erillisen hinnaston mukaan. <\/p>\n\n\n\n<p><strong>Matkakulut:<\/strong><br>alle 15km veloituksetta, ylimenev\u00e4 0,60\u20ac\/km<\/p>\n<\/div>\n<\/div>\n\n\n\n<p class=\"has-small-font-size\"><\/p>\n","protected":false},"excerpt":{"rendered":"<p>Tervetuloa HilVen Kotipalveluiden sivulle. HilVen Kotipalvelut on pieni perheyritys, joka haluaa vastata t\u00e4ydell\u00e4 syd\u00e4mell\u00e4 asiakkaan erilaisiin tarpeisiin. Se on perustettu vastaamaan etenkin ik\u00e4\u00e4ntyneiden kasvaneeseen palvelutarpeeseen tukipalvelun keinoin. Toiminta-ajatuksenamme on tuottaa oikea-aikaista tukea ja apua laadukkaasti, helposti ja nopeasti. Tuotamme asiakkaillemme kodinhoito-, ruoanlaitto-, siivous-, peseytymis-, ulkoilu- ja asiointipalveluita sek\u00e4 sosiaalista kanssak\u00e4ymist\u00e4 edist\u00e4v\u00e4\u00e4 palvelua. My\u00f6s pienimuotoiset pihaty\u00f6t<\/p><\/div>\n<div class=\"blog-btn\"><a href=\"https:\/\/www.hilven.fi\/?page_id=18\" class=\"home-blog-btn\">Lue lis\u00e4\u00e4<\/a><\/p>\n","protected":false},"author":1,"featured_media":0,"parent":0,"menu_order":0,"comment_status":"closed","ping_status":"closed","template":"","meta":[],"_links":{"self":[{"href":"https:\/\/www.hilven.fi\/index.php?rest_route=\/wp\/v2\/pages\/18"}],"collection":[{"href":"https:\/\/www.hilven.fi\/index.php?rest_route=\/wp\/v2\/pages"}],"about":[{"href":"https:\/\/www.hilven.fi\/index.php?rest_route=\/wp\/v2\/types\/page"}],"author":[{"embeddable":true,"href":"https:\/\/www.hilven.fi\/index.php?rest_route=\/wp\/v2\/users\/1"}],"replies":[{"embeddable":true,"href":"https:\/\/www.hilven.fi\/index.php?rest_route=%2Fwp%2Fv2%2Fcomments&post=18"}],"version-history":[{"count":16,"href":"https:\/\/www.hilven.fi\/index.php?rest_route=\/wp\/v2\/pages\/18\/revisions"}],"predecessor-version":[{"id":332,"href":"https:\/\/www.hilven.fi\/index.php?rest_route=\/wp\/v2\/pages\/18\/revisions\/332"}],"wp:attachment":[{"href":"https:\/\/www.hilven.fi\/index.php?rest_route=%2Fwp%2Fv2%2Fmedia&parent=18"}],"curies":[{"name":"wp","href":"https:\/\/api.w.org\/{rel}","templated":true}]}}